{"id":632,"date":"2023-02-22T16:06:39","date_gmt":"2023-02-22T19:06:39","guid":{"rendered":"https:\/\/ironmarine.com.br\/a\/novo\/?page_id=632"},"modified":"2023-06-27T19:04:37","modified_gmt":"2023-06-27T22:04:37","slug":"servicos","status":"publish","type":"page","link":"https:\/\/ironmarine.com.br\/a\/novo\/servicos\/","title":{"rendered":"Servi\u00e7os"},"content":{"rendered":"\t\t<div data-elementor-type=\"wp-page\" data-elementor-id=\"632\" class=\"elementor elementor-632\">\n\t\t\t\t\t\t\t\t\t<section class=\"elementor-section elementor-top-section elementor-element elementor-element-676f307 elementor-section-boxed elementor-section-height-default elementor-section-height-default\" data-id=\"676f307\" data-element_type=\"section\" data-settings=\"{&quot;background_background&quot;:&quot;classic&quot;}\">\n\t\t\t\t\t\t\t<div class=\"elementor-background-overlay\"><\/div>\n\t\t\t\t\t\t\t<div class=\"elementor-container elementor-column-gap-no\">\n\t\t\t\t\t<div class=\"elementor-column elementor-col-100 elementor-top-column elementor-element elementor-element-cfd909f\" data-id=\"cfd909f\" data-element_type=\"column\">\n\t\t\t<div class=\"elementor-widget-wrap elementor-element-populated\">\n\t\t\t\t\t\t\t\t<div class=\"elementor-element elementor-element-fd6730a elementor-widget elementor-widget-heading\" data-id=\"fd6730a\" data-element_type=\"widget\" data-widget_type=\"heading.default\">\n\t\t\t\t<div class=\"elementor-widget-container\">\n\t\t\t<style>\/*! elementor - v3.18.0 - 20-12-2023 *\/\n.elementor-heading-title{padding:0;margin:0;line-height:1}.elementor-widget-heading .elementor-heading-title[class*=elementor-size-]>a{color:inherit;font-size:inherit;line-height:inherit}.elementor-widget-heading .elementor-heading-title.elementor-size-small{font-size:15px}.elementor-widget-heading .elementor-heading-title.elementor-size-medium{font-size:19px}.elementor-widget-heading .elementor-heading-title.elementor-size-large{font-size:29px}.elementor-widget-heading .elementor-heading-title.elementor-size-xl{font-size:39px}.elementor-widget-heading .elementor-heading-title.elementor-size-xxl{font-size:59px}<\/style><h1 class=\"elementor-heading-title elementor-size-default\">SERVI\u00c7OS<\/h1>\t\t<\/div>\n\t\t\t\t<\/div>\n\t\t\t\t\t<\/div>\n\t\t<\/div>\n\t\t\t\t\t\t\t<\/div>\n\t\t<\/section>\n\t\t\t\t<section class=\"elementor-section elementor-top-section elementor-element elementor-element-62fcd5c elementor-section-boxed elementor-section-height-default elementor-section-height-default\" data-id=\"62fcd5c\" data-element_type=\"section\" data-settings=\"{&quot;background_background&quot;:&quot;classic&quot;}\">\n\t\t\t\t\t\t<div class=\"elementor-container elementor-column-gap-no\">\n\t\t\t\t\t<div class=\"elementor-column elementor-col-100 elementor-top-column elementor-element elementor-element-6096f1b\" data-id=\"6096f1b\" data-element_type=\"column\">\n\t\t\t<div class=\"elementor-widget-wrap elementor-element-populated\">\n\t\t\t\t\t\t\t\t<section class=\"elementor-section elementor-inner-section elementor-element elementor-element-eff919d elementor-section-boxed elementor-section-height-default elementor-section-height-default\" data-id=\"eff919d\" data-element_type=\"section\">\n\t\t\t\t\t\t<div class=\"elementor-container elementor-column-gap-no\">\n\t\t\t\t\t<div class=\"elementor-column elementor-col-100 elementor-inner-column elementor-element elementor-element-7b0bffe\" data-id=\"7b0bffe\" data-element_type=\"column\">\n\t\t\t<div class=\"elementor-widget-wrap elementor-element-populated\">\n\t\t\t\t\t\t\t\t<div class=\"elementor-element elementor-element-6d70890 elementor-widget elementor-widget-heading\" data-id=\"6d70890\" data-element_type=\"widget\" data-widget_type=\"heading.default\">\n\t\t\t\t<div class=\"elementor-widget-container\">\n\t\t\t<h3 class=\"elementor-heading-title elementor-size-default\">Nosso objetivo \u00e9 atender de forma dedicada e eficiente cada um dos nossos clientes.<\/h3>\t\t<\/div>\n\t\t\t\t<\/div>\n\t\t\t\t<div class=\"elementor-element elementor-element-ecb1e43 elementor-widget elementor-widget-heading\" data-id=\"ecb1e43\" data-element_type=\"widget\" data-widget_type=\"heading.default\">\n\t\t\t\t<div class=\"elementor-widget-container\">\n\t\t\t<h2 class=\"elementor-heading-title elementor-size-default\">Nossos servi\u00e7os<\/h2>\t\t<\/div>\n\t\t\t\t<\/div>\n\t\t\t\t\t<\/div>\n\t\t<\/div>\n\t\t\t\t\t\t\t<\/div>\n\t\t<\/section>\n\t\t\t\t<section class=\"elementor-section elementor-inner-section elementor-element elementor-element-45a8f67 elementor-section-boxed elementor-section-height-default elementor-section-height-default\" data-id=\"45a8f67\" data-element_type=\"section\">\n\t\t\t\t\t\t<div class=\"elementor-container elementor-column-gap-no\">\n\t\t\t\t\t<div class=\"elementor-column elementor-col-100 elementor-inner-column elementor-element elementor-element-28053a4\" data-id=\"28053a4\" data-element_type=\"column\">\n\t\t\t<div class=\"elementor-widget-wrap elementor-element-populated\">\n\t\t\t\t\t\t\t\t<div class=\"elementor-element elementor-element-f04d0b3 elementor-position-left elementor-vertical-align-top elementor-widget elementor-widget-image-box\" data-id=\"f04d0b3\" data-element_type=\"widget\" data-widget_type=\"image-box.default\">\n\t\t\t\t<div class=\"elementor-widget-container\">\n\t\t\t<style>\/*! elementor - v3.18.0 - 20-12-2023 *\/\n.elementor-widget-image-box .elementor-image-box-content{width:100%}@media (min-width:768px){.elementor-widget-image-box.elementor-position-left .elementor-image-box-wrapper,.elementor-widget-image-box.elementor-position-right .elementor-image-box-wrapper{display:flex}.elementor-widget-image-box.elementor-position-right .elementor-image-box-wrapper{text-align:right;flex-direction:row-reverse}.elementor-widget-image-box.elementor-position-left .elementor-image-box-wrapper{text-align:left;flex-direction:row}.elementor-widget-image-box.elementor-position-top .elementor-image-box-img{margin:auto}.elementor-widget-image-box.elementor-vertical-align-top .elementor-image-box-wrapper{align-items:flex-start}.elementor-widget-image-box.elementor-vertical-align-middle .elementor-image-box-wrapper{align-items:center}.elementor-widget-image-box.elementor-vertical-align-bottom .elementor-image-box-wrapper{align-items:flex-end}}@media (max-width:767px){.elementor-widget-image-box .elementor-image-box-img{margin-left:auto!important;margin-right:auto!important;margin-bottom:15px}}.elementor-widget-image-box .elementor-image-box-img{display:inline-block}.elementor-widget-image-box .elementor-image-box-title a{color:inherit}.elementor-widget-image-box .elementor-image-box-wrapper{text-align:center}.elementor-widget-image-box .elementor-image-box-description{margin:0}<\/style><div class=\"elementor-image-box-wrapper\"><figure class=\"elementor-image-box-img\"><a href=\"https:\/\/ironmarine.com.br\/a\/novo\/servicos\/servicos-subaquaticos\/\" tabindex=\"-1\"><img decoding=\"async\" src=\"https:\/\/ironmarine.com.br\/a\/novo\/wp-content\/uploads\/elementor\/thumbs\/underwater-welder-job-resized-q3w2vrfu8itmv3rp10er0eltudcya1kekc6e0mjwec.jpg\" title=\"Navy Diver-Southern Partnership Station\" alt=\"110624-N-XD935-040\nVALPARAISO, Chile (June 24, 2011) Navy Diver 2nd Class Ryan Arnold, assigned to Mobile Diving and Salvage Unit (MDSU) 2, welds a patch onto an underwater structure during a subject matter exchange with Chilean divers. MDSU-2 is participating in Navy Diver-Southern Partnership Station, a multinational partnership engagement designed to increase interoperability and partner nation capacity through diving operations. (U.S. Navy photo by Mass Communication Specialist 1st Class Jayme Pastoric\/Released)\" loading=\"lazy\" \/><\/a><\/figure><div class=\"elementor-image-box-content\"><h3 class=\"elementor-image-box-title\"><a href=\"https:\/\/ironmarine.com.br\/a\/novo\/servicos\/servicos-subaquaticos\/\">Servi\u00e7os subaqu\u00e1ticos<\/a><\/h3><p class=\"elementor-image-box-description\">Temos op\u00e7\u00f5es completas em solu\u00e7\u00f5es de mergulho e reparo de navios.<\/p><\/div><\/div>\t\t<\/div>\n\t\t\t\t<\/div>\n\t\t\t\t<div class=\"elementor-element elementor-element-8e79c7a elementor-position-left elementor-vertical-align-top elementor-widget elementor-widget-image-box\" data-id=\"8e79c7a\" data-element_type=\"widget\" data-widget_type=\"image-box.default\">\n\t\t\t\t<div class=\"elementor-widget-container\">\n\t\t\t<div class=\"elementor-image-box-wrapper\"><figure class=\"elementor-image-box-img\"><a href=\"https:\/\/ironmarine.com.br\/a\/novo\/servicos\/servicos-de-abastecimento\/\" tabindex=\"-1\"><img decoding=\"async\" src=\"https:\/\/ironmarine.com.br\/a\/novo\/wp-content\/uploads\/elementor\/thumbs\/galeria-servicos-de-abastecimento-1-1024x766-1-q3w2jfs0mpyan5o4zomubik9gi3pcwn3jc97i0tpz8.jpeg\" title=\"galeria-servicos-de-abastecimento-1-1024&#215;766\" alt=\"galeria-servicos-de-abastecimento-1-1024x766\" loading=\"lazy\" \/><\/a><\/figure><div class=\"elementor-image-box-content\"><h3 class=\"elementor-image-box-title\"><a href=\"https:\/\/ironmarine.com.br\/a\/novo\/servicos\/servicos-de-abastecimento\/\">Servi\u00e7os de abastecimento<\/a><\/h3><p class=\"elementor-image-box-description\">Conhe\u00e7a as nossas solu\u00e7\u00f5es e saiba como podemos te ajudar nessa \u00e1rea altamente estrat\u00e9gica.\n<\/p><\/div><\/div>\t\t<\/div>\n\t\t\t\t<\/div>\n\t\t\t\t<div class=\"elementor-element elementor-element-e0dc10d elementor-position-left elementor-vertical-align-top elementor-widget elementor-widget-image-box\" data-id=\"e0dc10d\" data-element_type=\"widget\" data-widget_type=\"image-box.default\">\n\t\t\t\t<div class=\"elementor-widget-container\">\n\t\t\t<div class=\"elementor-image-box-wrapper\"><figure class=\"elementor-image-box-img\"><a href=\"https:\/\/ironmarine.com.br\/a\/novo\/servicos\/rebobinamento-de-motores-eletricos\/\" tabindex=\"-1\"><img decoding=\"async\" src=\"https:\/\/ironmarine.com.br\/a\/novo\/wp-content\/uploads\/elementor\/thumbs\/Rebobinamento-de-motores-eletricos-Galeria-1-q3w2uujhlbklkr3hd46t34wp1vv3smxsrtce7xwog4.jpg\" title=\"Rebobinamento-de-motores-eletricos-Galeria-1\" alt=\"Rebobinamento-de-motores-eletricos-Galeria-1\" loading=\"lazy\" \/><\/a><\/figure><div class=\"elementor-image-box-content\"><h3 class=\"elementor-image-box-title\"><a href=\"https:\/\/ironmarine.com.br\/a\/novo\/servicos\/rebobinamento-de-motores-eletricos\/\">Rebobinamento de motores el\u00e9tricos<\/a><\/h3><p class=\"elementor-image-box-description\">Ampla experi\u00eancia associada \u00e0s melhores pr\u00e1ticas para otimizar resultados. \n<\/p><\/div><\/div>\t\t<\/div>\n\t\t\t\t<\/div>\n\t\t\t\t<div class=\"elementor-element elementor-element-c233a5c elementor-position-left elementor-vertical-align-top elementor-widget elementor-widget-image-box\" data-id=\"c233a5c\" data-element_type=\"widget\" data-widget_type=\"image-box.default\">\n\t\t\t\t<div class=\"elementor-widget-container\">\n\t\t\t<div class=\"elementor-image-box-wrapper\"><figure class=\"elementor-image-box-img\"><a href=\"https:\/\/ironmarine.com.br\/a\/novo\/servicos\/mecanica-pesada\/\" tabindex=\"-1\"><img decoding=\"async\" src=\"https:\/\/ironmarine.com.br\/a\/novo\/wp-content\/uploads\/elementor\/thumbs\/00-q8lk7xmh5gm0m4jlz5442yd8w3h8n5l01umhd00on8.jpeg\" title=\"00\" alt=\"00\" loading=\"lazy\" \/><\/a><\/figure><div class=\"elementor-image-box-content\"><h3 class=\"elementor-image-box-title\"><a href=\"https:\/\/ironmarine.com.br\/a\/novo\/servicos\/mecanica-pesada\/\">Mec\u00e2nica pesada<\/a><\/h3><p class=\"elementor-image-box-description\">Know how em manuten\u00e7\u00e3o de motores a diesel e turbinas.<\/p><\/div><\/div>\t\t<\/div>\n\t\t\t\t<\/div>\n\t\t\t\t<div class=\"elementor-element elementor-element-d35ce9d elementor-position-left elementor-vertical-align-top elementor-widget elementor-widget-image-box\" data-id=\"d35ce9d\" data-element_type=\"widget\" data-widget_type=\"image-box.default\">\n\t\t\t\t<div class=\"elementor-widget-container\">\n\t\t\t<div class=\"elementor-image-box-wrapper\"><figure class=\"elementor-image-box-img\"><a href=\"https:\/\/ironmarine.com.br\/a\/novo\/servicos\/usinas-hidreletricas\/\" tabindex=\"-1\"><img decoding=\"async\" src=\"https:\/\/ironmarine.com.br\/a\/novo\/wp-content\/uploads\/elementor\/thumbs\/galeria-usinas-hidreletricas-3-1024x472-1-q3w2jxmy8kmqrqy73ecr4w20qtnof5lzxsnfma38p0.jpg\" title=\"galeria-usinas-hidreletricas-3-1024&#215;472\" alt=\"galeria-usinas-hidreletricas-3-1024x472\" loading=\"lazy\" \/><\/a><\/figure><div class=\"elementor-image-box-content\"><h3 class=\"elementor-image-box-title\"><a href=\"https:\/\/ironmarine.com.br\/a\/novo\/servicos\/usinas-hidreletricas\/\">Usinas hidrel\u00e9tricas<\/a><\/h3><p class=\"elementor-image-box-description\">Servi\u00e7os avan\u00e7ados em todas as \u00e1reas, incluindo atividades submersas, limpeza, veda\u00e7\u00f5es e inspe\u00e7\u00f5es.\n<\/p><\/div><\/div>\t\t<\/div>\n\t\t\t\t<\/div>\n\t\t\t\t\t<\/div>\n\t\t<\/div>\n\t\t\t\t\t\t\t<\/div>\n\t\t<\/section>\n\t\t\t\t\t<\/div>\n\t\t<\/div>\n\t\t\t\t\t\t\t<\/div>\n\t\t<\/section>\n\t\t\t\t\t\t\t<\/div>\n\t\t","protected":false},"excerpt":{"rendered":"<p>SERVI\u00c7OS Nosso objetivo \u00e9 atender de forma dedicada e eficiente cada um dos nossos clientes. Nossos servi\u00e7os Servi\u00e7os subaqu\u00e1ticos Temos op\u00e7\u00f5es completas em solu\u00e7\u00f5es de mergulho e reparo de navios. Servi\u00e7os de abastecimento Conhe\u00e7a as nossas solu\u00e7\u00f5es e saiba como podemos te ajudar nessa \u00e1rea altamente estrat\u00e9gica. Rebobinamento de motores el\u00e9tricos Ampla experi\u00eancia associada \u00e0s [&hellip;]<\/p>\n","protected":false},"author":1,"featured_media":0,"parent":0,"menu_order":0,"comment_status":"closed","ping_status":"closed","template":"","meta":{"site-sidebar-layout":"no-sidebar","site-content-layout":"page-builder","ast-site-content-layout":"","site-content-style":"default","site-sidebar-style":"default","ast-global-header-display":"","ast-banner-title-visibility":"","ast-main-header-display":"","ast-hfb-above-header-display":"","ast-hfb-below-header-display":"","ast-hfb-mobile-header-display":"","site-post-title":"disabled","ast-breadcrumbs-content":"disabled","ast-featured-img":"disabled","footer-sml-layout":"","theme-transparent-header-meta":"enabled","adv-header-id-meta":"","stick-header-meta":"","header-above-stick-meta":"","header-main-stick-meta":"","header-below-stick-meta":"","astra-migrate-meta-layouts":"default","ast-page-background-enabled":"default","ast-page-background-meta":{"desktop":{"background-color":"var(--ast-global-color-4)","background-image":"","background-repeat":"repeat","background-position":"center center","background-size":"auto","background-attachment":"scroll","background-type":"","background-media":"","overlay-type":"","overlay-color":"","overlay-gradient":""},"tablet":{"background-color":"","background-image":"","background-repeat":"repeat","background-position":"center center","background-size":"auto","background-attachment":"scroll","background-type":"","background-media":"","overlay-type":"","overlay-color":"","overlay-gradient":""},"mobile":{"background-color":"","background-image":"","background-repeat":"repeat","background-position":"center center","background-size":"auto","background-attachment":"scroll","background-type":"","background-media":"","overlay-type":"","overlay-color":"","overlay-gradient":""}},"ast-content-background-meta":{"desktop":{"background-color":"var(--ast-global-color-5)","background-image":"","background-repeat":"repeat","background-position":"center center","background-size":"auto","background-attachment":"scroll","background-type":"","background-media":"","overlay-type":"","overlay-color":"","overlay-gradient":""},"tablet":{"background-color":"var(--ast-global-color-5)","background-image":"","background-repeat":"repeat","background-position":"center center","background-size":"auto","background-attachment":"scroll","background-type":"","background-media":"","overlay-type":"","overlay-color":"","overlay-gradient":""},"mobile":{"background-color":"var(--ast-global-color-5)","background-image":"","background-repeat":"repeat","background-position":"center center","background-size":"auto","background-attachment":"scroll","background-type":"","background-media":"","overlay-type":"","overlay-color":"","overlay-gradient":""}},"footnotes":""},"class_list":["post-632","page","type-page","status-publish","hentry"],"aioseo_notices":[],"_links":{"self":[{"href":"https:\/\/ironmarine.com.br\/a\/novo\/wp-json\/wp\/v2\/pages\/632","targetHints":{"allow":["GET"]}}],"collection":[{"href":"https:\/\/ironmarine.com.br\/a\/novo\/wp-json\/wp\/v2\/pages"}],"about":[{"href":"https:\/\/ironmarine.com.br\/a\/novo\/wp-json\/wp\/v2\/types\/page"}],"author":[{"embeddable":true,"href":"https:\/\/ironmarine.com.br\/a\/novo\/wp-json\/wp\/v2\/users\/1"}],"replies":[{"embeddable":true,"href":"https:\/\/ironmarine.com.br\/a\/novo\/wp-json\/wp\/v2\/comments?post=632"}],"version-history":[{"count":53,"href":"https:\/\/ironmarine.com.br\/a\/novo\/wp-json\/wp\/v2\/pages\/632\/revisions"}],"predecessor-version":[{"id":1448,"href":"https:\/\/ironmarine.com.br\/a\/novo\/wp-json\/wp\/v2\/pages\/632\/revisions\/1448"}],"wp:attachment":[{"href":"https:\/\/ironmarine.com.br\/a\/novo\/wp-json\/wp\/v2\/media?parent=632"}],"curies":[{"name":"wp","href":"https:\/\/api.w.org\/{rel}","templated":true}]}}